{"id":15,"date":"2023-03-07T19:16:13","date_gmt":"2023-03-07T18:16:13","guid":{"rendered":"https:\/\/sheng.pwr.edu.pl\/?page_id=15"},"modified":"2023-03-08T20:31:35","modified_gmt":"2023-03-08T19:31:35","slug":"team","status":"publish","type":"page","link":"https:\/\/sheng.pwr.edu.pl\/?page_id=15","title":{"rendered":"Team"},"content":{"rendered":"\n<h3 class=\"wp-block-heading\">A key personnel consists of: <\/h3>\n\n\n\n<h3 class=\"wp-block-heading\">prof. Fulei Chu (Tsinghua University), <\/h3>\n\n\n\n<h3 class=\"wp-block-heading\">prof. Agnieszka Wy\u0142oma\u0144ska (WMat), <\/h3>\n\n\n\n<h3 class=\"wp-block-heading\">prof. Radoslaw Zimroz (WGGG\/KG\/DMC).<\/h3>\n\n\n\n<p>Dr Zhaoye Qinhttps:\/\/www.me.tsinghua.edu.cn\/en\/info\/1058\/1338.htm<\/p>\n\n\n\n<p>Dr Tianyang WANG: <a href=\"https:\/\/www.me.tsinghua.edu.cn\/en\/info\/1064\/1365.htm\">https:\/\/www.me.tsinghua.edu.cn\/en\/info\/1064\/1365.htm<\/a><\/p>\n\n\n\n<figure class=\"wp-block-image size-large\"><img loading=\"lazy\" decoding=\"async\" width=\"1024\" height=\"230\" src=\"https:\/\/sheng.pwr.edu.pl\/wp-content\/uploads\/2023\/03\/obraz-1024x230.png\" alt=\"\" class=\"wp-image-66\" srcset=\"https:\/\/sheng.pwr.edu.pl\/wp-content\/uploads\/2023\/03\/obraz-1024x230.png 1024w, https:\/\/sheng.pwr.edu.pl\/wp-content\/uploads\/2023\/03\/obraz-300x67.png 300w, https:\/\/sheng.pwr.edu.pl\/wp-content\/uploads\/2023\/03\/obraz-768x173.png 768w, https:\/\/sheng.pwr.edu.pl\/wp-content\/uploads\/2023\/03\/obraz.png 1531w\" sizes=\"auto, (max-width: 1024px) 100vw, 1024px\" \/><\/figure>\n\n\n\n<p><\/p>\n\n\n\n<h3 class=\"wp-block-heading\">Research team (WUST)<\/h3>\n\n\n\n<ol class=\"wp-block-list\">\n<li>Rados\u0142aw Zimroz<\/li>\n\n\n\n<li>Agnieszka Wy\u0142oma\u0144ska<\/li>\n\n\n\n<li>Mateusz Gabor (Ph.D. student)<\/li>\n\n\n\n<li>Katarzyna Skowronek (student)<\/li>\n\n\n\n<li>Wojciech \u017bu\u0142awi\u0144ski (student)<\/li>\n<\/ol>\n\n\n\n<h3 class=\"wp-block-heading\">Collaborators:<\/h3>\n\n\n\n<p>prof Rafal Zdunek <\/p>\n\n\n\n<p>dr Jacek Wodecki<\/p>\n\n\n\n<p>Justyna Hebda Sobkowicz<\/p>\n\n\n\n<p>Anna Michalak<\/p>\n\n\n\n<p>Anita Drewnicka<\/p>\n\n\n\n<p>P. Giri, (India)<\/p>\n\n\n\n<p>dr Aleksandra Grzesiek,<\/p>\n\n\n\n<p>S. Sundar (India)<\/p>\n\n\n\n<p>dr Anil Taneja (India)<\/p>\n","protected":false},"excerpt":{"rendered":"<p>A key personnel consists of: prof. Fulei Chu (Tsinghua University), prof. Agnieszka Wy\u0142oma\u0144ska (WMat), prof. Radoslaw Zimroz (WGGG\/KG\/DMC). Dr Zhaoye Qinhttps:\/\/www.me.tsinghua.edu.cn\/en\/info\/1058\/1338.htm Dr Tianyang WANG: https:\/\/www.me.tsinghua.edu.cn\/en\/info\/1064\/1365.htm Research team (WUST) Collaborators: prof Rafal Zdunek dr Jacek Wodecki Justyna Hebda Sobkowicz Anna Michalak Anita Drewnicka P. Giri, (India) dr Aleksandra Grzesiek, S. Sundar (India) dr Anil Taneja (India)<\/p>\n","protected":false},"author":1,"featured_media":0,"parent":0,"menu_order":0,"comment_status":"closed","ping_status":"closed","template":"","meta":{"neve_meta_sidebar":"","neve_meta_container":"","neve_meta_enable_content_width":"","neve_meta_content_width":0,"neve_meta_title_alignment":"","neve_meta_author_avatar":"","neve_post_elements_order":"","neve_meta_disable_header":"","neve_meta_disable_footer":"","neve_meta_disable_title":"","footnotes":""},"class_list":["post-15","page","type-page","status-publish","hentry"],"_links":{"self":[{"href":"https:\/\/sheng.pwr.edu.pl\/index.php?rest_route=\/wp\/v2\/pages\/15","targetHints":{"allow":["GET"]}}],"collection":[{"href":"https:\/\/sheng.pwr.edu.pl\/index.php?rest_route=\/wp\/v2\/pages"}],"about":[{"href":"https:\/\/sheng.pwr.edu.pl\/index.php?rest_route=\/wp\/v2\/types\/page"}],"author":[{"embeddable":true,"href":"https:\/\/sheng.pwr.edu.pl\/index.php?rest_route=\/wp\/v2\/users\/1"}],"replies":[{"embeddable":true,"href":"https:\/\/sheng.pwr.edu.pl\/index.php?rest_route=%2Fwp%2Fv2%2Fcomments&post=15"}],"version-history":[{"count":6,"href":"https:\/\/sheng.pwr.edu.pl\/index.php?rest_route=\/wp\/v2\/pages\/15\/revisions"}],"predecessor-version":[{"id":77,"href":"https:\/\/sheng.pwr.edu.pl\/index.php?rest_route=\/wp\/v2\/pages\/15\/revisions\/77"}],"wp:attachment":[{"href":"https:\/\/sheng.pwr.edu.pl\/index.php?rest_route=%2Fwp%2Fv2%2Fmedia&parent=15"}],"curies":[{"name":"wp","href":"https:\/\/api.w.org\/{rel}","templated":true}]}}