{"id":19,"date":"2023-03-07T19:17:38","date_gmt":"2023-03-07T18:17:38","guid":{"rendered":"https:\/\/sheng.pwr.edu.pl\/?page_id=19"},"modified":"2023-03-14T20:05:27","modified_gmt":"2023-03-14T19:05:27","slug":"2-2","status":"publish","type":"page","link":"https:\/\/sheng.pwr.edu.pl\/?page_id=19","title":{"rendered":"Papers\/conferences"},"content":{"rendered":"\n<p class=\"has-medium-font-size\"><strong>accepted\/published<\/strong><\/p>\n\n\n\n<ol class=\"wp-block-list\">\n<li>W. \u017bu\u0142awi\u0144ski, A. Grzesiek, R. Zimroz, A. Wy\u0142oma\u0144ska: <br><a href=\"https:\/\/www.sciencedirect.com\/science\/article\/pii\/S0377042723000754?via%3Dihub\"><em>Identification and validation of periodic autoregressive model with additive noise: finite-variance case, <\/em><\/a><br><strong>Journal of Computational and Applied Mathematics<\/strong> 427, 115131, 2023<\/li>\n\n\n\n<li>P. Giri, A. Grzesiek, W. \u017bu\u0142awi\u0144ski, S. Sundar, A. Wy\u0142oma\u0144ska:<br> <a href=\"https:\/\/link.springer.com\/article\/10.1007\/s42952-022-00191-3\"><em>The modified Yule-Walker method for multidimensional infinite-variance periodic autoregressive model of order 1,<\/em><\/a> <br><strong>Journal of the Korean Statistical Society<\/strong>, 2022<\/li>\n\n\n\n<li>Wodecki, J.; Krot, P.; Wr\u00f3blewski, A.; Chudy, K.; Zimroz, R. <br>Condition Monitoring of Horizontal Sieving Screens\u2014A Case Study of Inertial Vibrator Bearing Failure in Calcium Carbonate Production Plant. <br><strong>Materials <\/strong><em>16<\/em>, 2023, 1533. https:\/\/doi.org\/10.3390\/ma16041533<\/li>\n\n\n\n<li>Anil Kumar, Yaakoub Berrouche, Radoslaw Zimroz, Govind Vashishtha, Sumika Chauhan, C.P. Gandhi, Hesheng Tang, Jiawei Xiang, <br>Non-parametric Ensemble Empirical Mode Decomposition for extracting weak features to identify bearing defects, <br><strong>Measurement, <\/strong>Volume 211, 2023, 112615, https:\/\/doi.org\/10.1016\/j.measurement.2023.112615.<\/li>\n<\/ol>\n\n\n\n<p class=\"has-medium-font-size\"><strong>submitted<\/strong><\/p>\n\n\n\n<ol class=\"wp-block-list\">\n<li>W. \u017bu\u0142awi\u0144ski, A. Wy\u0142oma\u0144ska, R. Zimroz <br>Yule-Walker-based approaches for estimation of noise-corrupted periodic autoregressive model &#8211; finite- and infinite-variance cases<\/li>\n\n\n\n<li>K. Skowronek, T. Barszcz, J. Antoni, R. Zimroz, A. Wy\u0142oma\u0144ska<br>Assessment of background noise properties in time and time-frequency domains in the context of %noisy vibration-based local damage detection in real environment<\/li>\n\n\n\n<li>J. Hebda-Sobkowicz, A. Wy\u0142oma\u0144ska, R. Zimroz <br>An adaptation of robust estimators of correlation for informative frequency band selection in presence of heavy-tailed noise<\/li>\n\n\n\n<li>M. Gabor, R. Zdunek, A. Wy\u0142oma\u0144ska, R. Zimroz<br>Bearing damage detection with orthogonal and non-negative low-rank feature extraction<\/li>\n\n\n\n<li>W. \u017bu\u0142awi\u0144ski, A. Wy\u0142oma\u0144ska <br>Empirical study of periodic autoregressive models with additive noise &#8211; estimation and testing<\/li>\n\n\n\n<li><span role=\"presentation\" dir=\"ltr\" style=\"left: 9.58%; top: 7.77%; font-size: calc(var(--scale-factor)*11.10px); font-family: sans-serif; transform: scaleX(0.912818);\">M.Gabor, R.Zdunek, R.Zimroz, A.Wylomanska<\/span> <br><span role=\"presentation\" dir=\"ltr\" style=\"left: 9.58%; top: 6.19%; font-size: calc(var(--scale-factor)*11.10px); font-family: sans-serif; transform: scaleX(0.951116);\">Non-negative matrix underapproximation as optimal frequency band selector<\/span><\/li>\n\n\n\n<li>M.Gabor, R.Zdunek, R.Zimroz, J.Wodecki, A.Wylomanska <br>Non-negative tensor factorization for vibration-based local damage detection<\/li>\n\n\n\n<li>Anna Michalak; Rafa\u0142 Zdunek; Rados\u0142aw Zimroz; Agnieszka Wy\u0142oma\u0144ska<br>Influence of \u03b1-stable noise on effectiveness of non-negative matrix factorization \u2013 simulations and real data analysis<br><\/li>\n<\/ol>\n","protected":false},"excerpt":{"rendered":"<p>accepted\/published submitted<\/p>\n","protected":false},"author":1,"featured_media":0,"parent":0,"menu_order":0,"comment_status":"closed","ping_status":"closed","template":"","meta":{"neve_meta_sidebar":"","neve_meta_container":"","neve_meta_enable_content_width":"","neve_meta_content_width":0,"neve_meta_title_alignment":"","neve_meta_author_avatar":"","neve_post_elements_order":"","neve_meta_disable_header":"","neve_meta_disable_footer":"","neve_meta_disable_title":"","footnotes":""},"class_list":["post-19","page","type-page","status-publish","hentry"],"_links":{"self":[{"href":"https:\/\/sheng.pwr.edu.pl\/index.php?rest_route=\/wp\/v2\/pages\/19","targetHints":{"allow":["GET"]}}],"collection":[{"href":"https:\/\/sheng.pwr.edu.pl\/index.php?rest_route=\/wp\/v2\/pages"}],"about":[{"href":"https:\/\/sheng.pwr.edu.pl\/index.php?rest_route=\/wp\/v2\/types\/page"}],"author":[{"embeddable":true,"href":"https:\/\/sheng.pwr.edu.pl\/index.php?rest_route=\/wp\/v2\/users\/1"}],"replies":[{"embeddable":true,"href":"https:\/\/sheng.pwr.edu.pl\/index.php?rest_route=%2Fwp%2Fv2%2Fcomments&post=19"}],"version-history":[{"count":4,"href":"https:\/\/sheng.pwr.edu.pl\/index.php?rest_route=\/wp\/v2\/pages\/19\/revisions"}],"predecessor-version":[{"id":80,"href":"https:\/\/sheng.pwr.edu.pl\/index.php?rest_route=\/wp\/v2\/pages\/19\/revisions\/80"}],"wp:attachment":[{"href":"https:\/\/sheng.pwr.edu.pl\/index.php?rest_route=%2Fwp%2Fv2%2Fmedia&parent=19"}],"curies":[{"name":"wp","href":"https:\/\/api.w.org\/{rel}","templated":true}]}}