{"id":42,"date":"2023-03-08T13:24:46","date_gmt":"2023-03-08T12:24:46","guid":{"rendered":"https:\/\/sheng.pwr.edu.pl\/?page_id=42"},"modified":"2023-03-08T13:53:07","modified_gmt":"2023-03-08T12:53:07","slug":"blablabla","status":"publish","type":"page","link":"https:\/\/sheng.pwr.edu.pl\/?page_id=42","title":{"rendered":"Events"},"content":{"rendered":"\n<p>6-7 March 2023<br>Colleagues from Dioscuri Centre in Topological Data Analysis Instytut Matematyczny PAN (Polish Academy of Sciences, PAS), prof Pawel Dlotko, Niklas Hellmer visited us to strengthen the collaboration related to topological data analysis for damage detection.<\/p>\n\n\n\n<figure class=\"wp-block-image size-large\"><img loading=\"lazy\" decoding=\"async\" width=\"1024\" height=\"768\" src=\"https:\/\/sheng.pwr.edu.pl\/wp-content\/uploads\/2023\/03\/20230307_081447-1024x768.jpg\" alt=\"\" class=\"wp-image-49\" srcset=\"https:\/\/sheng.pwr.edu.pl\/wp-content\/uploads\/2023\/03\/20230307_081447-1024x768.jpg 1024w, https:\/\/sheng.pwr.edu.pl\/wp-content\/uploads\/2023\/03\/20230307_081447-300x225.jpg 300w, https:\/\/sheng.pwr.edu.pl\/wp-content\/uploads\/2023\/03\/20230307_081447-768x576.jpg 768w, https:\/\/sheng.pwr.edu.pl\/wp-content\/uploads\/2023\/03\/20230307_081447-1536x1152.jpg 1536w, https:\/\/sheng.pwr.edu.pl\/wp-content\/uploads\/2023\/03\/20230307_081447-2048x1536.jpg 2048w\" sizes=\"auto, (max-width: 1024px) 100vw, 1024px\" \/><\/figure>\n\n\n\n<p>We are excited to write paper together\u2026 more soon!<\/p>\n\n\n\n<h3 class=\"wp-block-heading\">The Sixteenth Workshop on Nonstationary Systems and Their Applications<br>February 5 \u2013 8, 2023, Gr\u00f3dek nad Dunajcem, Poland<\/h3>\n\n\n\n<p>Agnieszka Wy\u0142oma\u0144ska, Wroc\u0142aw University of Science and Technology, Poland<br>\u201cThe importance of the background noise properties for the vibration-based local damage detection<\/p>\n\n\n\n<p>Wojciech \u017bu\u0142awi\u0144ski, Wroc\u0142aw University of Science and Technology, Poland <br>\u201cDetection of cyclostationarity by robust statistics for signal disturbed by non-Gaussian noise<\/p>\n\n\n\n<p>Katarzyna Skowronek, Wroc\u0142aw University of Science and Technology, Poland<br>\u201cAssessment of background noise properties in time and time-frequency domains in the context of vibration-based local damage detection in real environment\u201d<\/p>\n\n\n\n<figure class=\"wp-block-image size-large\"><img loading=\"lazy\" decoding=\"async\" width=\"1024\" height=\"768\" src=\"https:\/\/sheng.pwr.edu.pl\/wp-content\/uploads\/2023\/03\/20230207_103115-1024x768.jpg\" alt=\"\" class=\"wp-image-54\" srcset=\"https:\/\/sheng.pwr.edu.pl\/wp-content\/uploads\/2023\/03\/20230207_103115-1024x768.jpg 1024w, https:\/\/sheng.pwr.edu.pl\/wp-content\/uploads\/2023\/03\/20230207_103115-300x225.jpg 300w, https:\/\/sheng.pwr.edu.pl\/wp-content\/uploads\/2023\/03\/20230207_103115-768x576.jpg 768w, https:\/\/sheng.pwr.edu.pl\/wp-content\/uploads\/2023\/03\/20230207_103115-1536x1152.jpg 1536w, https:\/\/sheng.pwr.edu.pl\/wp-content\/uploads\/2023\/03\/20230207_103115-2048x1536.jpg 2048w\" sizes=\"auto, (max-width: 1024px) 100vw, 1024px\" \/><\/figure>\n\n\n\n<figure class=\"wp-block-image size-large\"><img loading=\"lazy\" decoding=\"async\" width=\"1024\" height=\"768\" src=\"https:\/\/sheng.pwr.edu.pl\/wp-content\/uploads\/2023\/03\/20230207_184223-1024x768.jpg\" alt=\"\" class=\"wp-image-55\" srcset=\"https:\/\/sheng.pwr.edu.pl\/wp-content\/uploads\/2023\/03\/20230207_184223-1024x768.jpg 1024w, https:\/\/sheng.pwr.edu.pl\/wp-content\/uploads\/2023\/03\/20230207_184223-300x225.jpg 300w, https:\/\/sheng.pwr.edu.pl\/wp-content\/uploads\/2023\/03\/20230207_184223-768x576.jpg 768w, https:\/\/sheng.pwr.edu.pl\/wp-content\/uploads\/2023\/03\/20230207_184223-1536x1152.jpg 1536w, https:\/\/sheng.pwr.edu.pl\/wp-content\/uploads\/2023\/03\/20230207_184223-2048x1536.jpg 2048w\" sizes=\"auto, (max-width: 1024px) 100vw, 1024px\" \/><\/figure>\n\n\n\n<figure class=\"wp-block-image size-large\"><img loading=\"lazy\" decoding=\"async\" width=\"1024\" height=\"768\" src=\"https:\/\/sheng.pwr.edu.pl\/wp-content\/uploads\/2023\/03\/20230207_105050-1024x768.jpg\" alt=\"\" class=\"wp-image-52\" srcset=\"https:\/\/sheng.pwr.edu.pl\/wp-content\/uploads\/2023\/03\/20230207_105050-1024x768.jpg 1024w, https:\/\/sheng.pwr.edu.pl\/wp-content\/uploads\/2023\/03\/20230207_105050-300x225.jpg 300w, https:\/\/sheng.pwr.edu.pl\/wp-content\/uploads\/2023\/03\/20230207_105050-768x576.jpg 768w, https:\/\/sheng.pwr.edu.pl\/wp-content\/uploads\/2023\/03\/20230207_105050-1536x1152.jpg 1536w, https:\/\/sheng.pwr.edu.pl\/wp-content\/uploads\/2023\/03\/20230207_105050-2048x1536.jpg 2048w\" sizes=\"auto, (max-width: 1024px) 100vw, 1024px\" \/><\/figure>\n\n\n\n<p><strong>Poster special session New methods of processing non-stationary signals with non- Gaussian characteristics for the purpose of monitoring complex  mechanical structures<\/strong><br>\u2022 Anita Drewnicka, Wroc\u0142aw University of Science and Technology, Poland<br>\u201cThe approach of damage detection in the presence of non-Gaussian noise with analysis of probability distributions applied to the time-frequency maps of the vibration signal\u201d<br>\u2022 Mateusz Gabor, Wroc\u0142aw University of Science and Technology, Poland<br>\u201cNonnegative matrix factorization with beta-divergence based cost functions\u201d<br>\u2022 Justyna Hebda-Sobkowicz, Wroc\u0142aw University of Science and Technology, Poland<br>\u201cInformative frequency band selection in presence of non-Gaussian (impulsive) noise &#8211; adaptation of cross-dependence measures, alternative to classical ones\u201d<br>\u2022 Daniel Kuzio, Wroc\u0142aw University of Science and Technology, Poland <br>\u201cIdentification of fault frequency variation in envelope spectrum in vibration-based local damage detection in changing load\/speed condition\u201d<br>\u2022 Anna Michalak, Wroc\u0142aw University of Science and Technology, Poland <br>\u201cInfluence of alpha-stable noise on the effectiveness of Nonnegative Matrix Factorization \u2013Simulations and real data analysis\u201d<br>\u2022 Hamid Shiri, Pawe\u0142 Zimroz, Wroc\u0142aw University of Science and Technology,Poland <br>\u201cRobust statistic model for long-term condition monitoring data under non-stationary operating conditions in the presence of noise with non-Gaussian<br>characteristics\u201d<br>\u2022 Jacek Wodecki, Wroc\u0142aw University of Science and Technology, Poland <br>\u201cCyclostationary vibration data analysis in real-life machine diagnostics \u2013 a case study of bearing failure in calcium carbonate production plant\u201d<\/p>\n\n\n\n<figure class=\"wp-block-image size-large\"><img loading=\"lazy\" decoding=\"async\" width=\"1024\" height=\"768\" src=\"https:\/\/sheng.pwr.edu.pl\/wp-content\/uploads\/2023\/03\/20230206_112802-1024x768.jpg\" alt=\"\" class=\"wp-image-60\" srcset=\"https:\/\/sheng.pwr.edu.pl\/wp-content\/uploads\/2023\/03\/20230206_112802-1024x768.jpg 1024w, https:\/\/sheng.pwr.edu.pl\/wp-content\/uploads\/2023\/03\/20230206_112802-300x225.jpg 300w, https:\/\/sheng.pwr.edu.pl\/wp-content\/uploads\/2023\/03\/20230206_112802-768x576.jpg 768w, https:\/\/sheng.pwr.edu.pl\/wp-content\/uploads\/2023\/03\/20230206_112802-1536x1152.jpg 1536w, https:\/\/sheng.pwr.edu.pl\/wp-content\/uploads\/2023\/03\/20230206_112802-2048x1536.jpg 2048w\" sizes=\"auto, (max-width: 1024px) 100vw, 1024px\" \/><\/figure>\n\n\n\n<figure class=\"wp-block-image size-large\"><img loading=\"lazy\" decoding=\"async\" width=\"1024\" height=\"768\" src=\"https:\/\/sheng.pwr.edu.pl\/wp-content\/uploads\/2023\/03\/20230206_112806-1024x768.jpg\" alt=\"\" class=\"wp-image-58\" srcset=\"https:\/\/sheng.pwr.edu.pl\/wp-content\/uploads\/2023\/03\/20230206_112806-1024x768.jpg 1024w, https:\/\/sheng.pwr.edu.pl\/wp-content\/uploads\/2023\/03\/20230206_112806-300x225.jpg 300w, https:\/\/sheng.pwr.edu.pl\/wp-content\/uploads\/2023\/03\/20230206_112806-768x576.jpg 768w, https:\/\/sheng.pwr.edu.pl\/wp-content\/uploads\/2023\/03\/20230206_112806-1536x1152.jpg 1536w, https:\/\/sheng.pwr.edu.pl\/wp-content\/uploads\/2023\/03\/20230206_112806-2048x1536.jpg 2048w\" sizes=\"auto, (max-width: 1024px) 100vw, 1024px\" \/><\/figure>\n","protected":false},"excerpt":{"rendered":"<p>6-7 March 2023Colleagues from Dioscuri Centre in Topological Data Analysis Instytut Matematyczny PAN (Polish Academy of Sciences, PAS), prof Pawel Dlotko, Niklas Hellmer visited us to strengthen the collaboration related to topological data analysis for damage detection. We are excited to write paper together\u2026 more soon! The Sixteenth Workshop on Nonstationary Systems and Their ApplicationsFebruary&hellip;&nbsp;<a href=\"https:\/\/sheng.pwr.edu.pl\/?page_id=42\" rel=\"bookmark\">Dowiedz si\u0119 wi\u0119cej &raquo;<span class=\"screen-reader-text\">Events<\/span><\/a><\/p>\n","protected":false},"author":2,"featured_media":0,"parent":0,"menu_order":0,"comment_status":"closed","ping_status":"closed","template":"","meta":{"neve_meta_sidebar":"","neve_meta_container":"","neve_meta_enable_content_width":"","neve_meta_content_width":0,"neve_meta_title_alignment":"","neve_meta_author_avatar":"","neve_post_elements_order":"","neve_meta_disable_header":"","neve_meta_disable_footer":"","neve_meta_disable_title":"","footnotes":""},"class_list":["post-42","page","type-page","status-publish","hentry"],"_links":{"self":[{"href":"https:\/\/sheng.pwr.edu.pl\/index.php?rest_route=\/wp\/v2\/pages\/42","targetHints":{"allow":["GET"]}}],"collection":[{"href":"https:\/\/sheng.pwr.edu.pl\/index.php?rest_route=\/wp\/v2\/pages"}],"about":[{"href":"https:\/\/sheng.pwr.edu.pl\/index.php?rest_route=\/wp\/v2\/types\/page"}],"author":[{"embeddable":true,"href":"https:\/\/sheng.pwr.edu.pl\/index.php?rest_route=\/wp\/v2\/users\/2"}],"replies":[{"embeddable":true,"href":"https:\/\/sheng.pwr.edu.pl\/index.php?rest_route=%2Fwp%2Fv2%2Fcomments&post=42"}],"version-history":[{"count":9,"href":"https:\/\/sheng.pwr.edu.pl\/index.php?rest_route=\/wp\/v2\/pages\/42\/revisions"}],"predecessor-version":[{"id":63,"href":"https:\/\/sheng.pwr.edu.pl\/index.php?rest_route=\/wp\/v2\/pages\/42\/revisions\/63"}],"wp:attachment":[{"href":"https:\/\/sheng.pwr.edu.pl\/index.php?rest_route=%2Fwp%2Fv2%2Fmedia&parent=42"}],"curies":[{"name":"wp","href":"https:\/\/api.w.org\/{rel}","templated":true}]}}